{"id":72,"date":"2025-05-18T14:01:55","date_gmt":"2025-05-18T12:01:55","guid":{"rendered":"http:\/\/levelup-home.pl\/?page_id=72"},"modified":"2025-05-23T11:00:22","modified_gmt":"2025-05-23T09:00:22","slug":"level-up-home-2","status":"publish","type":"page","link":"https:\/\/levelup-home.pl\/","title":{"rendered":"Level Up Home &#8211; Tw\u00f3j poziom wy\u017cej!"},"content":{"rendered":"\n<div class=\"wp-block-group alignfull has-ast-global-color-4-background-color has-background\" style=\"margin-top:0;margin-bottom:0;padding-top:min(6rem, 8vw);padding-right:min(2rem, 5vw);padding-bottom:min(6rem, 8vw);padding-left:min(2rem, 5vw)\"><div class=\"wp-block-group__inner-container is-layout-constrained wp-container-core-group-is-layout-75aebe33 wp-block-group-is-layout-constrained\">\n<div class=\"wp-block-columns alignwide is-layout-flex wp-container-core-columns-is-layout-c2a9b9b4 wp-block-columns-is-layout-flex\">\n<div class=\"wp-block-column is-layout-flow wp-block-column-is-layout-flow\" style=\"flex-basis:50%\">\n<h2 class=\"wp-block-heading has-x-large-font-size\">Poznaj nasz\u0105 pasj\u0119 do tworzenia wyj\u0105tkowych przestrzeni.<\/h2>\n<\/div>\n\n\n\n<div class=\"wp-block-column is-layout-flow wp-block-column-is-layout-flow\" style=\"flex-basis:50%\"><\/div>\n<\/div>\n<\/div><\/div>\n\n\n\n<div class=\"wp-block-group alignfull has-ast-global-color-5-background-color has-background\" style=\"margin-top:0;margin-bottom:0;padding-top:min(6rem, 8vw);padding-right:min(2rem, 5vw);padding-bottom:min(6rem, 8vw);padding-left:min(2rem, 5vw)\"><div class=\"wp-block-group__inner-container is-layout-constrained wp-container-core-group-is-layout-75aebe33 wp-block-group-is-layout-constrained\">\n<div class=\"wp-block-group alignwide is-vertical is-layout-flex wp-container-core-group-is-layout-8cf370e7 wp-block-group-is-layout-flex\">\n<div class=\"wp-block-group\"><div class=\"wp-block-group__inner-container is-layout-constrained wp-block-group-is-layout-constrained\">\n<h2 class=\"wp-block-heading has-x-large-font-size\">Nasze kompleksowe us\u0142ugi remontowe<\/h2>\n\n\n\n<p style=\"margin-top:16px\">Oferujemy szeroki wachlarz us\u0142ug remontowych, zawsze z dba\u0142o\u015bci\u0105 o najwy\u017csz\u0105 jako\u015b\u0107 i zadowolenie naszych klient\u00f3w.<\/p>\n<\/div><\/div>\n<\/div>\n\n\n\n<div class=\"wp-block-columns alignwide is-layout-flex wp-container-core-columns-is-layout-c0f5f49e wp-block-columns-is-layout-flex\">\n<div class=\"wp-block-column is-layout-flow wp-block-column-is-layout-flow\">\n<div class=\"wp-block-cover\" style=\"min-height:309px;aspect-ratio:unset;\"><img fetchpriority=\"high\" decoding=\"async\" width=\"1024\" height=\"1024\" class=\"wp-block-cover__image-background wp-image-136\" alt=\"\" src=\"https:\/\/levelup-home.pl\/wp-content\/uploads\/2025\/05\/ChatGPT-Image-18-maj-2025-17_08_13-1.png\" data-object-fit=\"cover\" srcset=\"https:\/\/levelup-home.pl\/wp-content\/uploads\/2025\/05\/ChatGPT-Image-18-maj-2025-17_08_13-1.png 1024w, https:\/\/levelup-home.pl\/wp-content\/uploads\/2025\/05\/ChatGPT-Image-18-maj-2025-17_08_13-1-300x300.png 300w, https:\/\/levelup-home.pl\/wp-content\/uploads\/2025\/05\/ChatGPT-Image-18-maj-2025-17_08_13-1-150x150.png 150w, https:\/\/levelup-home.pl\/wp-content\/uploads\/2025\/05\/ChatGPT-Image-18-maj-2025-17_08_13-1-768x768.png 768w\" sizes=\"(max-width: 1024px) 100vw, 1024px\" \/><span aria-hidden=\"true\" class=\"wp-block-cover__background has-background-dim\"><\/span><div class=\"wp-block-cover__inner-container is-layout-flow wp-block-cover-is-layout-flow\">\n<p class=\"has-text-align-center has-large-font-size\"><\/p>\n\n\n\n<div class=\"wp-block-buttons is-layout-flex wp-container-core-buttons-is-layout-6b4e3324 wp-block-buttons-is-layout-flex\">\n<div class=\"wp-block-button is-style-outline is-style-outline--1\"><a class=\"wp-block-button__link wp-element-button\" href=\"https:\/\/levelup-home.pl\/index.php\/wspolpraca-b2b\/\">Dowiedz si\u0119 wi\u0119cej<\/a><\/div>\n<\/div>\n<\/div><\/div>\n\n\n\n<h3 class=\"wp-block-heading\" style=\"margin-top:24px;font-size:20px;line-height:1.5\">Wsp\u00f3\u0142praca B2B<\/h3>\n\n\n\n<p class=\"has-small-font-size\" style=\"margin-top:8px\"><strong>Zobacz, jak zmieniamy wsp\u00f3lne przestrzenie<\/strong><br>Kliknij i sprawd\u017a, co mo\u017cemy zrobi\u0107 dla Twojej wsp\u00f3lnoty lub sp\u00f3\u0142dzielni..<\/p>\n<\/div>\n\n\n\n<div class=\"wp-block-column is-layout-flow wp-block-column-is-layout-flow\">\n<div class=\"wp-block-cover\" style=\"min-height:312px;aspect-ratio:unset;\"><img decoding=\"async\" width=\"1024\" height=\"1024\" class=\"wp-block-cover__image-background wp-image-134\" alt=\"\" src=\"https:\/\/levelup-home.pl\/wp-content\/uploads\/2025\/05\/ChatGPT-Image-18-maj-2025-17_02_51.png\" data-object-fit=\"cover\" srcset=\"https:\/\/levelup-home.pl\/wp-content\/uploads\/2025\/05\/ChatGPT-Image-18-maj-2025-17_02_51.png 1024w, https:\/\/levelup-home.pl\/wp-content\/uploads\/2025\/05\/ChatGPT-Image-18-maj-2025-17_02_51-300x300.png 300w, https:\/\/levelup-home.pl\/wp-content\/uploads\/2025\/05\/ChatGPT-Image-18-maj-2025-17_02_51-150x150.png 150w, https:\/\/levelup-home.pl\/wp-content\/uploads\/2025\/05\/ChatGPT-Image-18-maj-2025-17_02_51-768x768.png 768w\" sizes=\"(max-width: 1024px) 100vw, 1024px\" \/><span aria-hidden=\"true\" class=\"wp-block-cover__background has-background-dim\"><\/span><div class=\"wp-block-cover__inner-container is-layout-flow wp-block-cover-is-layout-flow\">\n<p class=\"has-text-align-center has-large-font-size\"><\/p>\n\n\n\n<div class=\"wp-block-buttons is-layout-flex wp-block-buttons-is-layout-flex\">\n<div class=\"wp-block-button is-style-outline is-style-outline--2\"><a class=\"wp-block-button__link wp-element-button\" href=\"https:\/\/levelup-home.pl\/index.php\/remonty-mieszakn\/\">Dowiedz si\u0119 wi\u0119cej<\/a><\/div>\n<\/div>\n<\/div><\/div>\n\n\n\n<h3 class=\"wp-block-heading\" style=\"margin-top:24px;font-size:20px;line-height:1.5\">Remonty mieszka\u0144<\/h3>\n\n\n\n<p class=\"has-small-font-size\" style=\"margin-top:8px\">Nasze rozwi\u0105zania remontowe s\u0105 dopasowane do Twoich potrzeb, aby osi\u0105gn\u0105\u0107 najlepsze efekty.<\/p>\n<\/div>\n\n\n\n<div class=\"wp-block-column is-layout-flow wp-block-column-is-layout-flow\">\n<div class=\"wp-block-cover\" style=\"min-height:311px;aspect-ratio:unset;\"><img decoding=\"async\" width=\"1024\" height=\"1024\" class=\"wp-block-cover__image-background wp-image-132\" alt=\"\" src=\"https:\/\/levelup-home.pl\/wp-content\/uploads\/2025\/05\/ChatGPT-Image-18-maj-2025-17_01_33.png\" data-object-fit=\"cover\" srcset=\"https:\/\/levelup-home.pl\/wp-content\/uploads\/2025\/05\/ChatGPT-Image-18-maj-2025-17_01_33.png 1024w, https:\/\/levelup-home.pl\/wp-content\/uploads\/2025\/05\/ChatGPT-Image-18-maj-2025-17_01_33-300x300.png 300w, https:\/\/levelup-home.pl\/wp-content\/uploads\/2025\/05\/ChatGPT-Image-18-maj-2025-17_01_33-150x150.png 150w, https:\/\/levelup-home.pl\/wp-content\/uploads\/2025\/05\/ChatGPT-Image-18-maj-2025-17_01_33-768x768.png 768w\" sizes=\"(max-width: 1024px) 100vw, 1024px\" \/><span aria-hidden=\"true\" class=\"wp-block-cover__background has-background-dim\"><\/span><div class=\"wp-block-cover__inner-container is-layout-flow wp-block-cover-is-layout-flow\">\n<p class=\"has-text-align-center has-large-font-size\"><\/p>\n\n\n\n<div class=\"wp-block-buttons is-layout-flex wp-block-buttons-is-layout-flex\">\n<div class=\"wp-block-button is-style-outline is-style-outline--3\"><a class=\"wp-block-button__link wp-element-button\" href=\"https:\/\/levelup-home.pl\/index.php\/renowacje-biur\/\">Dowiedz si\u0119 wi\u0119cej<\/a><\/div>\n<\/div>\n<\/div><\/div>\n\n\n\n<h3 class=\"wp-block-heading\" style=\"margin-top:24px;font-size:20px;line-height:1.5\">Renowacje biur<\/h3>\n\n\n\n<p class=\"has-small-font-size\" style=\"margin-top:8px\">Nasze us\u0142ugi renowacyjne s\u0105 stworzone z my\u015bl\u0105 o przywr\u00f3ceniu biurom nowoczesnego i profesjonalnego wygl\u0105du.<\/p>\n<\/div>\n<\/div>\n\n\n\n<hr class=\"wp-block-separator has-alpha-channel-opacity\"\/>\n\n\n\n<h2 class=\"wp-block-heading\">                       Szukasz materia\u0142\u00f3w wyko\u0144czeniowych i instalacyjnych?<\/h2>\n\n\n\n<p>                                    Sprawd\u017a nasz\u0105 partnersk\u0105 platform\u0119 <a class=\"\" href=\"https:\/\/misterwall.pl\">Misterwall.pl<\/a> \u2013 znajdziesz tam szeroki wyb\u00f3r produkt\u00f3w w \u015bwietnych cenach!<\/p>\n\n\n<div class=\"wp-block-image\">\n<figure class=\"aligncenter size-full is-resized\"><img loading=\"lazy\" decoding=\"async\" width=\"997\" height=\"578\" src=\"https:\/\/levelup-home.pl\/wp-content\/uploads\/2025\/05\/logo.jpg\" alt=\"\" class=\"wp-image-437\" style=\"width:247px;height:auto\" srcset=\"https:\/\/levelup-home.pl\/wp-content\/uploads\/2025\/05\/logo.jpg 997w, https:\/\/levelup-home.pl\/wp-content\/uploads\/2025\/05\/logo-300x174.jpg 300w, https:\/\/levelup-home.pl\/wp-content\/uploads\/2025\/05\/logo-768x445.jpg 768w\" sizes=\"(max-width: 997px) 100vw, 997px\" \/><\/figure>\n<\/div><\/div><\/div>\n\n\n\n<div class=\"wp-block-group alignfull has-ast-global-color-5-background-color has-background\" style=\"margin-top:0;margin-bottom:0;padding-top:min(6rem, 8vw);padding-right:min(2rem, 5vw);padding-bottom:min(6rem, 8vw);padding-left:min(2rem, 5vw)\"><div class=\"wp-block-group__inner-container is-layout-constrained wp-container-core-group-is-layout-75aebe33 wp-block-group-is-layout-constrained\">\n<div class=\"wp-block-group alignwide is-vertical is-layout-flex wp-container-core-group-is-layout-8cf370e7 wp-block-group-is-layout-flex\">\n<div class=\"wp-block-group\"><div class=\"wp-block-group__inner-container is-layout-constrained wp-block-group-is-layout-constrained\">\n<h2 class=\"wp-block-heading has-x-large-font-size\">Pomoc w uzyskaniu dofinansowania<\/h2>\n\n\n\n<p style=\"margin-top:16px\">Planujesz remont i chcesz skorzysta\u0107 z dost\u0119pnych \u015brodk\u00f3w w 2025r? My Ci w tym pomo\u017cemy.<\/p>\n<\/div><\/div>\n<\/div>\n\n\n\n<div class=\"wp-block-columns is-layout-flex wp-container-core-columns-is-layout-9d6595d7 wp-block-columns-is-layout-flex\">\n<div class=\"wp-block-column is-layout-flow wp-block-column-is-layout-flow\">\n<div class=\"wp-block-media-text is-stacked-on-mobile\" style=\"grid-template-columns:68% auto\"><figure class=\"wp-block-media-text__media\"><img loading=\"lazy\" decoding=\"async\" width=\"843\" height=\"473\" src=\"https:\/\/levelup-home.pl\/wp-content\/uploads\/2025\/05\/kasa.jpg\" alt=\"\" class=\"wp-image-179 size-full\" srcset=\"https:\/\/levelup-home.pl\/wp-content\/uploads\/2025\/05\/kasa.jpg 843w, https:\/\/levelup-home.pl\/wp-content\/uploads\/2025\/05\/kasa-300x168.jpg 300w, https:\/\/levelup-home.pl\/wp-content\/uploads\/2025\/05\/kasa-768x431.jpg 768w\" sizes=\"(max-width: 843px) 100vw, 843px\" \/><\/figure><div class=\"wp-block-media-text__content\">\n<p>Dofinansowania na termomodernizacj\u0119<\/p>\n\n\n\n<div class=\"wp-block-buttons is-layout-flex wp-block-buttons-is-layout-flex\">\n<div class=\"wp-block-button\"><a class=\"wp-block-button__link wp-element-button\" href=\"https:\/\/levelup-home.pl\/index.php\/dofinansowanie\/\">Sprawd\u017a<\/a><\/div>\n<\/div>\n<\/div><\/div>\n<\/div>\n\n\n\n<div class=\"wp-block-column is-layout-flow wp-block-column-is-layout-flow\">\n<div class=\"wp-block-media-text is-stacked-on-mobile\" style=\"grid-template-columns:67% auto\"><figure class=\"wp-block-media-text__media\"><img loading=\"lazy\" decoding=\"async\" width=\"610\" height=\"357\" src=\"https:\/\/levelup-home.pl\/wp-content\/uploads\/2025\/05\/BABCIA.jpg\" alt=\"\" class=\"wp-image-187 size-full\" srcset=\"https:\/\/levelup-home.pl\/wp-content\/uploads\/2025\/05\/BABCIA.jpg 610w, https:\/\/levelup-home.pl\/wp-content\/uploads\/2025\/05\/BABCIA-300x176.jpg 300w\" sizes=\"(max-width: 610px) 100vw, 610px\" \/><\/figure><div class=\"wp-block-media-text__content\">\n<p>Dofinansowanie na  remont \u0142azienki.<\/p>\n\n\n\n<div class=\"wp-block-buttons is-layout-flex wp-block-buttons-is-layout-flex\">\n<div class=\"wp-block-button\"><a class=\"wp-block-button__link wp-element-button\" href=\"https:\/\/levelup-home.pl\/index.php\/xdsdsvdsvdsv\/\">Sprawd\u017a<\/a><\/div>\n<\/div>\n<\/div><\/div>\n<\/div>\n<\/div>\n\n\n\n<div class=\"wp-block-group\"><div class=\"wp-block-group__inner-container is-layout-constrained wp-block-group-is-layout-constrained\">\n<div class=\"wp-block-columns is-layout-flex wp-container-core-columns-is-layout-9d6595d7 wp-block-columns-is-layout-flex\">\n<div class=\"wp-block-column is-layout-flow wp-block-column-is-layout-flow\"><\/div>\n<\/div>\n<\/div><\/div>\n\n\n\n<div class=\"wp-block-columns is-layout-flex wp-container-core-columns-is-layout-9d6595d7 wp-block-columns-is-layout-flex\">\n<div class=\"wp-block-column is-layout-flow wp-block-column-is-layout-flow\">\n<h2 class=\"wp-block-heading has-text-align-center has-x-large-font-size\">Skontaktuj si\u0119 z nami i zacznij sw\u00f3j projekt ju\u017c dzi\u015b.<\/h2>\n\n\n\n<div class=\"wp-block-columns is-layout-flex wp-container-core-columns-is-layout-9d6595d7 wp-block-columns-is-layout-flex\">\n<div class=\"wp-block-column is-layout-flow wp-block-column-is-layout-flow\">\n<div class=\"wp-block-group alignfull has-ast-global-color-4-background-color has-background\" style=\"margin-top:0;margin-bottom:0;padding-top:min(6rem, 8vw);padding-right:min(2rem, 5vw);padding-bottom:min(6rem, 8vw);padding-left:min(2rem, 5vw)\"><div class=\"wp-block-group__inner-container is-layout-constrained wp-container-core-group-is-layout-c87bb261 wp-block-group-is-layout-constrained\">\n<p class=\"has-text-align-center\">LevelUpHome Sp.zo.o.<\/p>\n\n\n\n<p class=\"has-text-align-center\" style=\"margin-top:0;margin-bottom:0\">\u015awieradowska 47, 02-662 Warszawa NIP 5213936099<\/p>\n\n\n\n<p class=\"has-text-align-center has-small-font-size\" style=\"margin-top:8px\">+48 570 550 535 +48 792 172 771<\/p>\n\n\n\n<p class=\"has-text-align-center has-small-font-size\" style=\"margin-top:8px\">kontakt@levelup-home.pl<\/p>\n<\/div><\/div>\n<\/div>\n<\/div>\n<\/div>\n<\/div>\n<\/div><\/div>\n\n\n\n<div class=\"wp-block-group alignfull\" style=\"padding-top:var(--wp--preset--spacing--40);padding-right:var(--wp--preset--spacing--30);padding-bottom:var(--wp--preset--spacing--40);padding-left:var(--wp--preset--spacing--30)\"><div class=\"wp-block-group__inner-container is-layout-constrained wp-container-core-group-is-layout-a93d0d1d wp-block-group-is-layout-constrained\">\n<div class=\"wp-block-group alignwide is-vertical is-content-justification-center is-layout-flex wp-container-core-group-is-layout-9a7cdcfd wp-block-group-is-layout-flex\"><div class=\"is-default-size wp-block-site-logo\"><a href=\"https:\/\/levelup-home.pl\/\" class=\"custom-logo-link\" rel=\"home\"><img loading=\"lazy\" decoding=\"async\" width=\"285\" height=\"187\" src=\"https:\/\/levelup-home.pl\/wp-content\/uploads\/2025\/05\/cropped-Zrzut-ekranu-2025-05-18-145156-1.jpg\" class=\"custom-logo\" alt=\"LevelUpHome\" \/><\/a><\/div>\n\n<h1 class=\"has-link-color wp-elements-9728cce79011b64628d7f6beff066787 wp-block-site-title has-text-color has-contrast-color has-large-font-size\"><a href=\"https:\/\/levelup-home.pl\" target=\"_self\" rel=\"home\">LevelUpHome<\/a><\/h1>\n\n<nav class=\"is-responsive items-justified-center wp-block-navigation is-content-justification-center is-layout-flex wp-container-core-navigation-is-layout-b636cbb1 wp-block-navigation-is-layout-flex\" aria-label=\"Nawigacja\" \n\t\t data-wp-interactive=\"core\/navigation\" data-wp-context='{\"overlayOpenedBy\":{\"click\":false,\"hover\":false,\"focus\":false},\"type\":\"overlay\",\"roleAttribute\":\"\",\"ariaLabel\":\"Menu\"}'><button aria-haspopup=\"dialog\" aria-label=\"Rozwi\u0144 menu\" class=\"wp-block-navigation__responsive-container-open\" \n\t\t\t\tdata-wp-on--click=\"actions.openMenuOnClick\"\n\t\t\t\tdata-wp-on--keydown=\"actions.handleMenuKeydown\"\n\t\t\t><svg width=\"24\" height=\"24\" xmlns=\"http:\/\/www.w3.org\/2000\/svg\" viewBox=\"0 0 24 24\" aria-hidden=\"true\" focusable=\"false\"><path d=\"M4 7.5h16v1.5H4z\"><\/path><path d=\"M4 15h16v1.5H4z\"><\/path><\/svg><\/button>\n\t\t\t\t<div class=\"wp-block-navigation__responsive-container\"  id=\"modal-4\" \n\t\t\t\tdata-wp-class--has-modal-open=\"state.isMenuOpen\"\n\t\t\t\tdata-wp-class--is-menu-open=\"state.isMenuOpen\"\n\t\t\t\tdata-wp-watch=\"callbacks.initMenu\"\n\t\t\t\tdata-wp-on--keydown=\"actions.handleMenuKeydown\"\n\t\t\t\tdata-wp-on--focusout=\"actions.handleMenuFocusout\"\n\t\t\t\ttabindex=\"-1\"\n\t\t\t>\n\t\t\t\t\t<div class=\"wp-block-navigation__responsive-close\" tabindex=\"-1\">\n\t\t\t\t\t\t<div class=\"wp-block-navigation__responsive-dialog\" \n\t\t\t\tdata-wp-bind--aria-modal=\"state.ariaModal\"\n\t\t\t\tdata-wp-bind--aria-label=\"state.ariaLabel\"\n\t\t\t\tdata-wp-bind--role=\"state.roleAttribute\"\n\t\t\t>\n\t\t\t\t\t\t\t<button aria-label=\"Zamknij menu\" class=\"wp-block-navigation__responsive-container-close\" \n\t\t\t\tdata-wp-on--click=\"actions.closeMenuOnClick\"\n\t\t\t><svg xmlns=\"http:\/\/www.w3.org\/2000\/svg\" viewBox=\"0 0 24 24\" width=\"24\" height=\"24\" aria-hidden=\"true\" focusable=\"false\"><path d=\"m13.06 12 6.47-6.47-1.06-1.06L12 10.94 5.53 4.47 4.47 5.53 10.94 12l-6.47 6.47 1.06 1.06L12 13.06l6.47 6.47 1.06-1.06L13.06 12Z\"><\/path><\/svg><\/button>\n\t\t\t\t\t\t\t<div class=\"wp-block-navigation__responsive-container-content\" \n\t\t\t\tdata-wp-watch=\"callbacks.focusFirstElement\"\n\t\t\t id=\"modal-4-content\">\n\t\t\t\t\t\t\t\t<ul class=\"wp-block-navigation__container is-responsive items-justified-center wp-block-navigation\"><ul class=\"wp-block-page-list\"><li class=\"wp-block-pages-list__item wp-block-navigation-item open-on-hover-click\"><a class=\"wp-block-pages-list__item__link wp-block-navigation-item__content\" href=\"https:\/\/levelup-home.pl\/index.php\/dofinansowanie\/\">Dofinansowanie<\/a><\/li><li class=\"wp-block-pages-list__item wp-block-navigation-item open-on-hover-click\"><a class=\"wp-block-pages-list__item__link wp-block-navigation-item__content\" href=\"https:\/\/levelup-home.pl\/index.php\/domki-modulowe\/\">DOMKI MODU\u0141OWE<\/a><\/li><li class=\"wp-block-pages-list__item wp-block-navigation-item open-on-hover-click\"><a class=\"wp-block-pages-list__item__link wp-block-navigation-item__content\" href=\"https:\/\/levelup-home.pl\/index.php\/kontakt\/\">Kontakt<\/a><\/li><li class=\"wp-block-pages-list__item wp-block-navigation-item open-on-hover-click menu-item-home\"><a class=\"wp-block-pages-list__item__link wp-block-navigation-item__content\" href=\"https:\/\/levelup-home.pl\/\">Level Up Home &#8211; Tw\u00f3j poziom wy\u017cej!<\/a><\/li><li class=\"wp-block-pages-list__item wp-block-navigation-item open-on-hover-click\"><a class=\"wp-block-pages-list__item__link wp-block-navigation-item__content\" href=\"https:\/\/levelup-home.pl\/index.php\/metamorfoza-klatki-schodowej\/\">METAMORFOZA KLATKI SCHODOWEJ<\/a><\/li><li class=\"wp-block-pages-list__item wp-block-navigation-item open-on-hover-click\"><a class=\"wp-block-pages-list__item__link wp-block-navigation-item__content\" href=\"https:\/\/levelup-home.pl\/index.php\/uslugi\/\">Nasze Us\u0142ugi<\/a><\/li><li class=\"wp-block-pages-list__item wp-block-navigation-item open-on-hover-click\"><a class=\"wp-block-pages-list__item__link wp-block-navigation-item__content\" href=\"https:\/\/levelup-home.pl\/index.php\/o-nas\/\">O nas<\/a><\/li><li class=\"wp-block-pages-list__item wp-block-navigation-item open-on-hover-click\"><a class=\"wp-block-pages-list__item__link wp-block-navigation-item__content\" href=\"https:\/\/levelup-home.pl\/index.php\/realizacje\/\">Realizacje<\/a><\/li><li class=\"wp-block-pages-list__item wp-block-navigation-item open-on-hover-click\"><a class=\"wp-block-pages-list__item__link wp-block-navigation-item__content\" href=\"https:\/\/levelup-home.pl\/index.php\/remont-lazienki\/\">REMONT \u0141AZIENKI<\/a><\/li><li class=\"wp-block-pages-list__item wp-block-navigation-item open-on-hover-click\"><a class=\"wp-block-pages-list__item__link wp-block-navigation-item__content\" href=\"https:\/\/levelup-home.pl\/index.php\/remont-w-przedwojennej-kamienicy\/\">REMONT W PRZEDWOJENNEJ KAMIENICY<\/a><\/li><li class=\"wp-block-pages-list__item wp-block-navigation-item open-on-hover-click\"><a class=\"wp-block-pages-list__item__link wp-block-navigation-item__content\" href=\"https:\/\/levelup-home.pl\/index.php\/remonty-mieszakn\/\">Remonty mieszak\u0144<\/a><\/li><li class=\"wp-block-pages-list__item wp-block-navigation-item open-on-hover-click\"><a class=\"wp-block-pages-list__item__link wp-block-navigation-item__content\" href=\"https:\/\/levelup-home.pl\/index.php\/renowacje-biur\/\">Renowacje biur<\/a><\/li><li class=\"wp-block-pages-list__item wp-block-navigation-item open-on-hover-click\"><a class=\"wp-block-pages-list__item__link wp-block-navigation-item__content\" href=\"https:\/\/levelup-home.pl\/index.php\/xdsdsvdsvdsv\/\">Wsparcie PFRON na \u0142azienk\u0119 \u2013 sprawd\u017a, czy si\u0119 kwalifikujesz!<\/a><\/li><li class=\"wp-block-pages-list__item wp-block-navigation-item open-on-hover-click\"><a class=\"wp-block-pages-list__item__link wp-block-navigation-item__content\" href=\"https:\/\/levelup-home.pl\/index.php\/wspolpraca-b2b\/\">Wsp\u00f3\u0142praca B2B<\/a><\/li><\/ul><\/ul>\n\t\t\t\t\t\t\t<\/div>\n\t\t\t\t\t\t<\/div>\n\t\t\t\t\t<\/div>\n\t\t\t\t<\/div><\/nav><\/div>\n<\/div><\/div>\n","protected":false},"excerpt":{"rendered":"<p>Poznaj nasz\u0105 pasj\u0119 do tworzenia wyj\u0105tkowych przestrzeni. Nasze kompleksowe us\u0142ugi remontowe Oferujemy szeroki wachlarz us\u0142ug remontowych, zawsze z dba\u0142o\u015bci\u0105 o najwy\u017csz\u0105 jako\u015b\u0107 i zadowolenie naszych klient\u00f3w. Wsp\u00f3\u0142praca B2B Zobacz, jak zmieniamy wsp\u00f3lne przestrzenieKliknij i sprawd\u017a, co mo\u017cemy zrobi\u0107 dla Twojej wsp\u00f3lnoty lub sp\u00f3\u0142dzielni.. Remonty mieszka\u0144 Nasze rozwi\u0105zania remontowe s\u0105 dopasowane do Twoich potrzeb, aby osi\u0105gn\u0105\u0107<\/p>\n<div class=\"more-link\">\n             <a href=\"https:\/\/levelup-home.pl\/\" class=\"theme-btn\"><span>Czytaj dalej <\/span><i class=\"bi bi-arrow-right\"><\/i><\/a>\n        <\/div>\n","protected":false},"author":1,"featured_media":0,"parent":0,"menu_order":0,"comment_status":"closed","ping_status":"closed","template":"","meta":{"footnotes":""},"class_list":["post-72","page","type-page","status-publish","hentry"],"_links":{"self":[{"href":"https:\/\/levelup-home.pl\/index.php\/wp-json\/wp\/v2\/pages\/72","targetHints":{"allow":["GET"]}}],"collection":[{"href":"https:\/\/levelup-home.pl\/index.php\/wp-json\/wp\/v2\/pages"}],"about":[{"href":"https:\/\/levelup-home.pl\/index.php\/wp-json\/wp\/v2\/types\/page"}],"author":[{"embeddable":true,"href":"https:\/\/levelup-home.pl\/index.php\/wp-json\/wp\/v2\/users\/1"}],"replies":[{"embeddable":true,"href":"https:\/\/levelup-home.pl\/index.php\/wp-json\/wp\/v2\/comments?post=72"}],"version-history":[{"count":70,"href":"https:\/\/levelup-home.pl\/index.php\/wp-json\/wp\/v2\/pages\/72\/revisions"}],"predecessor-version":[{"id":446,"href":"https:\/\/levelup-home.pl\/index.php\/wp-json\/wp\/v2\/pages\/72\/revisions\/446"}],"wp:attachment":[{"href":"https:\/\/levelup-home.pl\/index.php\/wp-json\/wp\/v2\/media?parent=72"}],"curies":[{"name":"wp","href":"https:\/\/api.w.org\/{rel}","templated":true}]}}