{"id":38,"date":"2025-05-18T12:40:26","date_gmt":"2025-05-18T10:40:26","guid":{"rendered":"http:\/\/levelup-home.pl\/?page_id=38"},"modified":"2025-05-23T08:38:52","modified_gmt":"2025-05-23T06:38:52","slug":"o-nas","status":"publish","type":"page","link":"https:\/\/levelup-home.pl\/index.php\/o-nas\/","title":{"rendered":"O nas"},"content":{"rendered":"\n<div class=\"wp-block-group\"><div class=\"wp-block-group__inner-container is-layout-constrained wp-block-group-is-layout-constrained\">\n<figure class=\"wp-block-pullquote\"><blockquote><p><strong>W LevelUpHome<\/strong> \u0142\u0105czymy nowoczesne podej\u015bcie do budownictwa z solidnym do\u015bwiadczeniem i pasj\u0105 do tworzenia przestrzeni, kt\u00f3re inspiruj\u0105. Od pocz\u0105tku istnienia firmy naszym celem jest podnoszenie standard\u00f3w \u2013 w realizacjach, obs\u0142udze klienta i podej\u015bciu do detali. W\u0142a\u015bnie dlatego w nazwie firmy znalaz\u0142o si\u0119 <strong>LevelUp<\/strong> \u2013 wierzymy, \u017ce zawsze mo\u017cna i\u015b\u0107 o krok wy\u017cej.<\/p><\/blockquote><\/figure>\n\n\n\n<p>Specjalizujemy si\u0119 w kompleksowych remontach, wyko\u0144czeniach wn\u0119trz oraz dostarczaniu materia\u0142\u00f3w budowlanych i dekoracyjnych najwy\u017cszej jako\u015bci. Obs\u0142ugujemy zar\u00f3wno klient\u00f3w indywidualnych, jak i firmy, zapewniaj\u0105c terminowo\u015b\u0107, rzetelno\u015b\u0107 i pe\u0142ne wsparcie na ka\u017cdym etapie wsp\u00f3\u0142pracy.<\/p>\n\n\n\n<p>Wyr\u00f3\u017cnia nas:<\/p>\n\n\n\n<ul class=\"wp-block-list\">\n<li><strong>Do\u015bwiadczenie i profesjonalizm<\/strong> \u2013 setki zrealizowanych projekt\u00f3w i zadowolonych klient\u00f3w<\/li>\n\n\n\n<li><strong>Indywidualne podej\u015bcie<\/strong> \u2013 s\u0142uchamy, doradzamy, dopasowujemy rozwi\u0105zania do potrzeb i bud\u017cetu<\/li>\n\n\n\n<li><strong>Jako\u015b\u0107 materia\u0142\u00f3w<\/strong> \u2013 wsp\u00f3\u0142pracujemy tylko ze sprawdzonymi dostawcami i markami<\/li>\n\n\n\n<li><strong>Transparentno\u015b\u0107 i uczciwo\u015b\u0107<\/strong> \u2013 \u017cadnych ukrytych koszt\u00f3w, tylko jasne zasady<\/li>\n<\/ul>\n\n\n\n<p>Niezale\u017cnie od tego, czy planujesz remont mieszkania, urz\u0105dzenie biura, czy budow\u0119 od podstaw \u2013 jeste\u015bmy tu, by Ci\u0119 wspiera\u0107. Z nami podniesiesz standard swojego wn\u0119trza na wy\u017cszy poziom.<\/p>\n\n\n\n<p><strong>LevelUpHome \u2013 Tw\u00f3j poziom wy\u017cej.<\/strong><\/p>\n<\/div><\/div>\n\n\n\n<div class=\"wp-block-group alignfull\" style=\"padding-top:var(--wp--preset--spacing--40);padding-right:var(--wp--preset--spacing--30);padding-bottom:var(--wp--preset--spacing--40);padding-left:var(--wp--preset--spacing--30)\"><div class=\"wp-block-group__inner-container is-layout-constrained wp-container-core-group-is-layout-a93d0d1d wp-block-group-is-layout-constrained\">\n<div class=\"wp-block-group alignwide is-vertical is-content-justification-center is-layout-flex wp-container-core-group-is-layout-9a7cdcfd wp-block-group-is-layout-flex\"><div class=\"is-default-size wp-block-site-logo\"><a href=\"https:\/\/levelup-home.pl\/\" class=\"custom-logo-link\" rel=\"home\"><img fetchpriority=\"high\" decoding=\"async\" width=\"285\" height=\"187\" src=\"https:\/\/levelup-home.pl\/wp-content\/uploads\/2025\/05\/cropped-Zrzut-ekranu-2025-05-18-145156-1.jpg\" class=\"custom-logo\" alt=\"LevelUpHome\" \/><\/a><\/div>\n\n<h1 class=\"has-link-color wp-elements-9728cce79011b64628d7f6beff066787 wp-block-site-title has-text-color has-contrast-color has-large-font-size\"><a href=\"https:\/\/levelup-home.pl\" target=\"_self\" rel=\"home\">LevelUpHome<\/a><\/h1>\n\n<nav class=\"is-responsive items-justified-center wp-block-navigation is-content-justification-center is-layout-flex wp-container-core-navigation-is-layout-b636cbb1 wp-block-navigation-is-layout-flex\" aria-label=\"Nawigacja\" \n\t\t data-wp-interactive=\"core\/navigation\" data-wp-context='{\"overlayOpenedBy\":{\"click\":false,\"hover\":false,\"focus\":false},\"type\":\"overlay\",\"roleAttribute\":\"\",\"ariaLabel\":\"Menu\"}'><button aria-haspopup=\"dialog\" aria-label=\"Rozwi\u0144 menu\" class=\"wp-block-navigation__responsive-container-open\" \n\t\t\t\tdata-wp-on--click=\"actions.openMenuOnClick\"\n\t\t\t\tdata-wp-on--keydown=\"actions.handleMenuKeydown\"\n\t\t\t><svg width=\"24\" height=\"24\" xmlns=\"http:\/\/www.w3.org\/2000\/svg\" viewBox=\"0 0 24 24\" aria-hidden=\"true\" focusable=\"false\"><path d=\"M4 7.5h16v1.5H4z\"><\/path><path d=\"M4 15h16v1.5H4z\"><\/path><\/svg><\/button>\n\t\t\t\t<div class=\"wp-block-navigation__responsive-container\"  id=\"modal-1\" \n\t\t\t\tdata-wp-class--has-modal-open=\"state.isMenuOpen\"\n\t\t\t\tdata-wp-class--is-menu-open=\"state.isMenuOpen\"\n\t\t\t\tdata-wp-watch=\"callbacks.initMenu\"\n\t\t\t\tdata-wp-on--keydown=\"actions.handleMenuKeydown\"\n\t\t\t\tdata-wp-on--focusout=\"actions.handleMenuFocusout\"\n\t\t\t\ttabindex=\"-1\"\n\t\t\t>\n\t\t\t\t\t<div class=\"wp-block-navigation__responsive-close\" tabindex=\"-1\">\n\t\t\t\t\t\t<div class=\"wp-block-navigation__responsive-dialog\" \n\t\t\t\tdata-wp-bind--aria-modal=\"state.ariaModal\"\n\t\t\t\tdata-wp-bind--aria-label=\"state.ariaLabel\"\n\t\t\t\tdata-wp-bind--role=\"state.roleAttribute\"\n\t\t\t>\n\t\t\t\t\t\t\t<button aria-label=\"Zamknij menu\" class=\"wp-block-navigation__responsive-container-close\" \n\t\t\t\tdata-wp-on--click=\"actions.closeMenuOnClick\"\n\t\t\t><svg xmlns=\"http:\/\/www.w3.org\/2000\/svg\" viewBox=\"0 0 24 24\" width=\"24\" height=\"24\" aria-hidden=\"true\" focusable=\"false\"><path d=\"m13.06 12 6.47-6.47-1.06-1.06L12 10.94 5.53 4.47 4.47 5.53 10.94 12l-6.47 6.47 1.06 1.06L12 13.06l6.47 6.47 1.06-1.06L13.06 12Z\"><\/path><\/svg><\/button>\n\t\t\t\t\t\t\t<div class=\"wp-block-navigation__responsive-container-content\" \n\t\t\t\tdata-wp-watch=\"callbacks.focusFirstElement\"\n\t\t\t id=\"modal-1-content\">\n\t\t\t\t\t\t\t\t<ul class=\"wp-block-navigation__container is-responsive items-justified-center wp-block-navigation\"><ul class=\"wp-block-page-list\"><li class=\"wp-block-pages-list__item wp-block-navigation-item open-on-hover-click\"><a class=\"wp-block-pages-list__item__link wp-block-navigation-item__content\" href=\"https:\/\/levelup-home.pl\/index.php\/dofinansowanie\/\">Dofinansowanie<\/a><\/li><li class=\"wp-block-pages-list__item wp-block-navigation-item open-on-hover-click\"><a class=\"wp-block-pages-list__item__link wp-block-navigation-item__content\" href=\"https:\/\/levelup-home.pl\/index.php\/domki-modulowe\/\">DOMKI MODU\u0141OWE<\/a><\/li><li class=\"wp-block-pages-list__item wp-block-navigation-item open-on-hover-click\"><a class=\"wp-block-pages-list__item__link wp-block-navigation-item__content\" href=\"https:\/\/levelup-home.pl\/index.php\/kontakt\/\">Kontakt<\/a><\/li><li class=\"wp-block-pages-list__item wp-block-navigation-item open-on-hover-click menu-item-home\"><a class=\"wp-block-pages-list__item__link wp-block-navigation-item__content\" href=\"https:\/\/levelup-home.pl\/\">Level Up Home &#8211; Tw\u00f3j poziom wy\u017cej!<\/a><\/li><li class=\"wp-block-pages-list__item wp-block-navigation-item open-on-hover-click\"><a class=\"wp-block-pages-list__item__link wp-block-navigation-item__content\" href=\"https:\/\/levelup-home.pl\/index.php\/metamorfoza-klatki-schodowej\/\">METAMORFOZA KLATKI SCHODOWEJ<\/a><\/li><li class=\"wp-block-pages-list__item wp-block-navigation-item open-on-hover-click\"><a class=\"wp-block-pages-list__item__link wp-block-navigation-item__content\" href=\"https:\/\/levelup-home.pl\/index.php\/uslugi\/\">Nasze Us\u0142ugi<\/a><\/li><li class=\"wp-block-pages-list__item wp-block-navigation-item open-on-hover-click\"><a class=\"wp-block-pages-list__item__link wp-block-navigation-item__content\" href=\"https:\/\/levelup-home.pl\/index.php\/o-nas\/\">O nas<\/a><\/li><li class=\"wp-block-pages-list__item wp-block-navigation-item open-on-hover-click\"><a class=\"wp-block-pages-list__item__link wp-block-navigation-item__content\" href=\"https:\/\/levelup-home.pl\/index.php\/realizacje\/\">Realizacje<\/a><\/li><li class=\"wp-block-pages-list__item wp-block-navigation-item open-on-hover-click\"><a class=\"wp-block-pages-list__item__link wp-block-navigation-item__content\" href=\"https:\/\/levelup-home.pl\/index.php\/remont-lazienki\/\">REMONT \u0141AZIENKI<\/a><\/li><li class=\"wp-block-pages-list__item wp-block-navigation-item open-on-hover-click\"><a class=\"wp-block-pages-list__item__link wp-block-navigation-item__content\" href=\"https:\/\/levelup-home.pl\/index.php\/remont-w-przedwojennej-kamienicy\/\">REMONT W PRZEDWOJENNEJ KAMIENICY<\/a><\/li><li class=\"wp-block-pages-list__item wp-block-navigation-item open-on-hover-click\"><a class=\"wp-block-pages-list__item__link wp-block-navigation-item__content\" href=\"https:\/\/levelup-home.pl\/index.php\/remonty-mieszakn\/\">Remonty mieszak\u0144<\/a><\/li><li class=\"wp-block-pages-list__item wp-block-navigation-item open-on-hover-click\"><a class=\"wp-block-pages-list__item__link wp-block-navigation-item__content\" href=\"https:\/\/levelup-home.pl\/index.php\/renowacje-biur\/\">Renowacje biur<\/a><\/li><li class=\"wp-block-pages-list__item wp-block-navigation-item open-on-hover-click\"><a class=\"wp-block-pages-list__item__link wp-block-navigation-item__content\" href=\"https:\/\/levelup-home.pl\/index.php\/xdsdsvdsvdsv\/\">Wsparcie PFRON na \u0142azienk\u0119 \u2013 sprawd\u017a, czy si\u0119 kwalifikujesz!<\/a><\/li><li class=\"wp-block-pages-list__item wp-block-navigation-item open-on-hover-click\"><a class=\"wp-block-pages-list__item__link wp-block-navigation-item__content\" href=\"https:\/\/levelup-home.pl\/index.php\/wspolpraca-b2b\/\">Wsp\u00f3\u0142praca B2B<\/a><\/li><\/ul><\/ul>\n\t\t\t\t\t\t\t<\/div>\n\t\t\t\t\t\t<\/div>\n\t\t\t\t\t<\/div>\n\t\t\t\t<\/div><\/nav><\/div>\n<\/div><\/div>\n","protected":false},"excerpt":{"rendered":"<p>W LevelUpHome \u0142\u0105czymy nowoczesne podej\u015bcie do budownictwa z solidnym do\u015bwiadczeniem i pasj\u0105 do tworzenia przestrzeni, kt\u00f3re inspiruj\u0105. Od pocz\u0105tku istnienia firmy naszym celem jest podnoszenie standard\u00f3w \u2013 w realizacjach, obs\u0142udze klienta i podej\u015bciu do detali. W\u0142a\u015bnie dlatego w nazwie firmy znalaz\u0142o si\u0119 LevelUp \u2013 wierzymy, \u017ce zawsze mo\u017cna i\u015b\u0107 o krok wy\u017cej. Specjalizujemy si\u0119 w<\/p>\n<div class=\"more-link\">\n             <a href=\"https:\/\/levelup-home.pl\/index.php\/o-nas\/\" class=\"theme-btn\"><span>Czytaj dalej <\/span><i class=\"bi bi-arrow-right\"><\/i><\/a>\n        <\/div>\n","protected":false},"author":1,"featured_media":0,"parent":0,"menu_order":0,"comment_status":"closed","ping_status":"closed","template":"","meta":{"footnotes":""},"class_list":["post-38","page","type-page","status-publish","hentry"],"_links":{"self":[{"href":"https:\/\/levelup-home.pl\/index.php\/wp-json\/wp\/v2\/pages\/38","targetHints":{"allow":["GET"]}}],"collection":[{"href":"https:\/\/levelup-home.pl\/index.php\/wp-json\/wp\/v2\/pages"}],"about":[{"href":"https:\/\/levelup-home.pl\/index.php\/wp-json\/wp\/v2\/types\/page"}],"author":[{"embeddable":true,"href":"https:\/\/levelup-home.pl\/index.php\/wp-json\/wp\/v2\/users\/1"}],"replies":[{"embeddable":true,"href":"https:\/\/levelup-home.pl\/index.php\/wp-json\/wp\/v2\/comments?post=38"}],"version-history":[{"count":5,"href":"https:\/\/levelup-home.pl\/index.php\/wp-json\/wp\/v2\/pages\/38\/revisions"}],"predecessor-version":[{"id":402,"href":"https:\/\/levelup-home.pl\/index.php\/wp-json\/wp\/v2\/pages\/38\/revisions\/402"}],"wp:attachment":[{"href":"https:\/\/levelup-home.pl\/index.php\/wp-json\/wp\/v2\/media?parent=38"}],"curies":[{"name":"wp","href":"https:\/\/api.w.org\/{rel}","templated":true}]}}