{"id":365,"date":"2025-05-22T17:57:39","date_gmt":"2025-05-22T15:57:39","guid":{"rendered":"https:\/\/levelup-home.pl\/?page_id=365"},"modified":"2025-05-22T17:57:40","modified_gmt":"2025-05-22T15:57:40","slug":"wspolpraca-b2b","status":"publish","type":"page","link":"https:\/\/levelup-home.pl\/index.php\/wspolpraca-b2b\/","title":{"rendered":"Wsp\u00f3\u0142praca B2B"},"content":{"rendered":"\n<h3 class=\"wp-block-heading\">&nbsp;<\/h3>\n\n\n\n<h2 class=\"wp-block-heading\"><strong>Zobacz, jak zmieniamy wsp\u00f3lne przestrzenie<\/strong><\/h2>\n\n\n\n<hr class=\"wp-block-separator has-alpha-channel-opacity\"\/>\n\n\n\n<p><br>Kliknij i sprawd\u017a, co mo\u017cemy zrobi\u0107 dla Twojej wsp\u00f3lnoty lub sp\u00f3\u0142dzielni.<\/p>\n\n\n\n<p>Szukasz sprawdzonej ekipy do remont\u00f3w klatek schodowych, cz\u0119\u015bci wsp\u00f3lnych, elewacji lub lokali u\u017cytkowych? W LevelUp Home specjalizujemy si\u0119 w realizacjach dla wsp\u00f3lnot mieszkaniowych, sp\u00f3\u0142dzielni i firm zarz\u0105dzaj\u0105cych nieruchomo\u015bciami. Pracujemy terminowo, czysto i z pe\u0142nym poszanowaniem mieszka\u0144c\u00f3w oraz bud\u017cetu.<\/p>\n\n\n\n<p><\/p>\n\n\n\n<p>Zaufaj firmie, kt\u00f3ra nie tylko remontuje, ale i rozumie potrzeby administracji.<br><strong>Skontaktuj si\u0119 z nami \u2013 ch\u0119tnie przygotujemy indywidualn\u0105 ofert\u0119.<\/strong><\/p>\n\n\n\n<p>kontakt@levelup-home.pl<\/p>\n\n\n\n<div class=\"wp-block-group alignfull\" style=\"padding-top:var(--wp--preset--spacing--40);padding-right:var(--wp--preset--spacing--30);padding-bottom:var(--wp--preset--spacing--40);padding-left:var(--wp--preset--spacing--30)\"><div class=\"wp-block-group__inner-container is-layout-constrained wp-container-core-group-is-layout-a93d0d1d wp-block-group-is-layout-constrained\">\n<div class=\"wp-block-group alignwide is-vertical is-content-justification-center is-layout-flex wp-container-core-group-is-layout-9a7cdcfd wp-block-group-is-layout-flex\"><div class=\"is-default-size wp-block-site-logo\"><a href=\"https:\/\/levelup-home.pl\/\" class=\"custom-logo-link\" rel=\"home\"><img fetchpriority=\"high\" decoding=\"async\" width=\"285\" height=\"187\" src=\"https:\/\/levelup-home.pl\/wp-content\/uploads\/2025\/05\/cropped-Zrzut-ekranu-2025-05-18-145156-1.jpg\" class=\"custom-logo\" alt=\"LevelUpHome\" \/><\/a><\/div>\n\n<h1 class=\"has-link-color wp-elements-9728cce79011b64628d7f6beff066787 wp-block-site-title has-text-color has-contrast-color has-large-font-size\"><a href=\"https:\/\/levelup-home.pl\" target=\"_self\" rel=\"home\">LevelUpHome<\/a><\/h1>\n\n<nav class=\"is-responsive items-justified-center wp-block-navigation is-content-justification-center is-layout-flex wp-container-core-navigation-is-layout-b636cbb1 wp-block-navigation-is-layout-flex\" aria-label=\"Nawigacja\" \n\t\t data-wp-interactive=\"core\/navigation\" data-wp-context='{\"overlayOpenedBy\":{\"click\":false,\"hover\":false,\"focus\":false},\"type\":\"overlay\",\"roleAttribute\":\"\",\"ariaLabel\":\"Menu\"}'><button aria-haspopup=\"dialog\" aria-label=\"Rozwi\u0144 menu\" class=\"wp-block-navigation__responsive-container-open\" \n\t\t\t\tdata-wp-on--click=\"actions.openMenuOnClick\"\n\t\t\t\tdata-wp-on--keydown=\"actions.handleMenuKeydown\"\n\t\t\t><svg width=\"24\" height=\"24\" xmlns=\"http:\/\/www.w3.org\/2000\/svg\" viewBox=\"0 0 24 24\" aria-hidden=\"true\" focusable=\"false\"><path d=\"M4 7.5h16v1.5H4z\"><\/path><path d=\"M4 15h16v1.5H4z\"><\/path><\/svg><\/button>\n\t\t\t\t<div class=\"wp-block-navigation__responsive-container\"  id=\"modal-1\" \n\t\t\t\tdata-wp-class--has-modal-open=\"state.isMenuOpen\"\n\t\t\t\tdata-wp-class--is-menu-open=\"state.isMenuOpen\"\n\t\t\t\tdata-wp-watch=\"callbacks.initMenu\"\n\t\t\t\tdata-wp-on--keydown=\"actions.handleMenuKeydown\"\n\t\t\t\tdata-wp-on--focusout=\"actions.handleMenuFocusout\"\n\t\t\t\ttabindex=\"-1\"\n\t\t\t>\n\t\t\t\t\t<div class=\"wp-block-navigation__responsive-close\" tabindex=\"-1\">\n\t\t\t\t\t\t<div class=\"wp-block-navigation__responsive-dialog\" \n\t\t\t\tdata-wp-bind--aria-modal=\"state.ariaModal\"\n\t\t\t\tdata-wp-bind--aria-label=\"state.ariaLabel\"\n\t\t\t\tdata-wp-bind--role=\"state.roleAttribute\"\n\t\t\t>\n\t\t\t\t\t\t\t<button aria-label=\"Zamknij menu\" class=\"wp-block-navigation__responsive-container-close\" \n\t\t\t\tdata-wp-on--click=\"actions.closeMenuOnClick\"\n\t\t\t><svg xmlns=\"http:\/\/www.w3.org\/2000\/svg\" viewBox=\"0 0 24 24\" width=\"24\" height=\"24\" aria-hidden=\"true\" focusable=\"false\"><path d=\"m13.06 12 6.47-6.47-1.06-1.06L12 10.94 5.53 4.47 4.47 5.53 10.94 12l-6.47 6.47 1.06 1.06L12 13.06l6.47 6.47 1.06-1.06L13.06 12Z\"><\/path><\/svg><\/button>\n\t\t\t\t\t\t\t<div class=\"wp-block-navigation__responsive-container-content\" \n\t\t\t\tdata-wp-watch=\"callbacks.focusFirstElement\"\n\t\t\t id=\"modal-1-content\">\n\t\t\t\t\t\t\t\t<ul class=\"wp-block-navigation__container is-responsive items-justified-center wp-block-navigation\"><ul class=\"wp-block-page-list\"><li class=\"wp-block-pages-list__item wp-block-navigation-item open-on-hover-click\"><a class=\"wp-block-pages-list__item__link wp-block-navigation-item__content\" href=\"https:\/\/levelup-home.pl\/index.php\/dofinansowanie\/\">Dofinansowanie<\/a><\/li><li class=\"wp-block-pages-list__item wp-block-navigation-item open-on-hover-click\"><a class=\"wp-block-pages-list__item__link wp-block-navigation-item__content\" href=\"https:\/\/levelup-home.pl\/index.php\/domki-modulowe\/\">DOMKI MODU\u0141OWE<\/a><\/li><li class=\"wp-block-pages-list__item wp-block-navigation-item open-on-hover-click\"><a class=\"wp-block-pages-list__item__link wp-block-navigation-item__content\" href=\"https:\/\/levelup-home.pl\/index.php\/kontakt\/\">Kontakt<\/a><\/li><li class=\"wp-block-pages-list__item wp-block-navigation-item open-on-hover-click menu-item-home\"><a class=\"wp-block-pages-list__item__link wp-block-navigation-item__content\" href=\"https:\/\/levelup-home.pl\/\">Level Up Home &#8211; Tw\u00f3j poziom wy\u017cej!<\/a><\/li><li class=\"wp-block-pages-list__item wp-block-navigation-item open-on-hover-click\"><a class=\"wp-block-pages-list__item__link wp-block-navigation-item__content\" href=\"https:\/\/levelup-home.pl\/index.php\/metamorfoza-klatki-schodowej\/\">METAMORFOZA KLATKI SCHODOWEJ<\/a><\/li><li class=\"wp-block-pages-list__item wp-block-navigation-item open-on-hover-click\"><a class=\"wp-block-pages-list__item__link wp-block-navigation-item__content\" href=\"https:\/\/levelup-home.pl\/index.php\/uslugi\/\">Nasze Us\u0142ugi<\/a><\/li><li class=\"wp-block-pages-list__item wp-block-navigation-item open-on-hover-click\"><a class=\"wp-block-pages-list__item__link wp-block-navigation-item__content\" href=\"https:\/\/levelup-home.pl\/index.php\/o-nas\/\">O nas<\/a><\/li><li class=\"wp-block-pages-list__item wp-block-navigation-item open-on-hover-click\"><a class=\"wp-block-pages-list__item__link wp-block-navigation-item__content\" href=\"https:\/\/levelup-home.pl\/index.php\/realizacje\/\">Realizacje<\/a><\/li><li class=\"wp-block-pages-list__item wp-block-navigation-item open-on-hover-click\"><a class=\"wp-block-pages-list__item__link wp-block-navigation-item__content\" href=\"https:\/\/levelup-home.pl\/index.php\/remont-lazienki\/\">REMONT \u0141AZIENKI<\/a><\/li><li class=\"wp-block-pages-list__item wp-block-navigation-item open-on-hover-click\"><a class=\"wp-block-pages-list__item__link wp-block-navigation-item__content\" href=\"https:\/\/levelup-home.pl\/index.php\/remont-w-przedwojennej-kamienicy\/\">REMONT W PRZEDWOJENNEJ KAMIENICY<\/a><\/li><li class=\"wp-block-pages-list__item wp-block-navigation-item open-on-hover-click\"><a class=\"wp-block-pages-list__item__link wp-block-navigation-item__content\" href=\"https:\/\/levelup-home.pl\/index.php\/remonty-mieszakn\/\">Remonty mieszak\u0144<\/a><\/li><li class=\"wp-block-pages-list__item wp-block-navigation-item open-on-hover-click\"><a class=\"wp-block-pages-list__item__link wp-block-navigation-item__content\" href=\"https:\/\/levelup-home.pl\/index.php\/renowacje-biur\/\">Renowacje biur<\/a><\/li><li class=\"wp-block-pages-list__item wp-block-navigation-item open-on-hover-click\"><a class=\"wp-block-pages-list__item__link wp-block-navigation-item__content\" href=\"https:\/\/levelup-home.pl\/index.php\/xdsdsvdsvdsv\/\">Wsparcie PFRON na \u0142azienk\u0119 \u2013 sprawd\u017a, czy si\u0119 kwalifikujesz!<\/a><\/li><li class=\"wp-block-pages-list__item wp-block-navigation-item open-on-hover-click\"><a class=\"wp-block-pages-list__item__link wp-block-navigation-item__content\" href=\"https:\/\/levelup-home.pl\/index.php\/wspolpraca-b2b\/\">Wsp\u00f3\u0142praca B2B<\/a><\/li><\/ul><\/ul>\n\t\t\t\t\t\t\t<\/div>\n\t\t\t\t\t\t<\/div>\n\t\t\t\t\t<\/div>\n\t\t\t\t<\/div><\/nav><\/div>\n<\/div><\/div>\n","protected":false},"excerpt":{"rendered":"<p>&nbsp; Zobacz, jak zmieniamy wsp\u00f3lne przestrzenie Kliknij i sprawd\u017a, co mo\u017cemy zrobi\u0107 dla Twojej wsp\u00f3lnoty lub sp\u00f3\u0142dzielni. Szukasz sprawdzonej ekipy do remont\u00f3w klatek schodowych, cz\u0119\u015bci wsp\u00f3lnych, elewacji lub lokali u\u017cytkowych? W LevelUp Home specjalizujemy si\u0119 w realizacjach dla wsp\u00f3lnot mieszkaniowych, sp\u00f3\u0142dzielni i firm zarz\u0105dzaj\u0105cych nieruchomo\u015bciami. Pracujemy terminowo, czysto i z pe\u0142nym poszanowaniem mieszka\u0144c\u00f3w oraz bud\u017cetu.<\/p>\n<div class=\"more-link\">\n             <a href=\"https:\/\/levelup-home.pl\/index.php\/wspolpraca-b2b\/\" class=\"theme-btn\"><span>Czytaj dalej <\/span><i class=\"bi bi-arrow-right\"><\/i><\/a>\n        <\/div>\n","protected":false},"author":1,"featured_media":0,"parent":0,"menu_order":0,"comment_status":"closed","ping_status":"closed","template":"","meta":{"footnotes":""},"class_list":["post-365","page","type-page","status-publish","hentry"],"_links":{"self":[{"href":"https:\/\/levelup-home.pl\/index.php\/wp-json\/wp\/v2\/pages\/365","targetHints":{"allow":["GET"]}}],"collection":[{"href":"https:\/\/levelup-home.pl\/index.php\/wp-json\/wp\/v2\/pages"}],"about":[{"href":"https:\/\/levelup-home.pl\/index.php\/wp-json\/wp\/v2\/types\/page"}],"author":[{"embeddable":true,"href":"https:\/\/levelup-home.pl\/index.php\/wp-json\/wp\/v2\/users\/1"}],"replies":[{"embeddable":true,"href":"https:\/\/levelup-home.pl\/index.php\/wp-json\/wp\/v2\/comments?post=365"}],"version-history":[{"count":2,"href":"https:\/\/levelup-home.pl\/index.php\/wp-json\/wp\/v2\/pages\/365\/revisions"}],"predecessor-version":[{"id":447,"href":"https:\/\/levelup-home.pl\/index.php\/wp-json\/wp\/v2\/pages\/365\/revisions\/447"}],"wp:attachment":[{"href":"https:\/\/levelup-home.pl\/index.php\/wp-json\/wp\/v2\/media?parent=365"}],"curies":[{"name":"wp","href":"https:\/\/api.w.org\/{rel}","templated":true}]}}