{"id":361,"date":"2025-05-22T17:53:28","date_gmt":"2025-05-22T15:53:28","guid":{"rendered":"https:\/\/levelup-home.pl\/?page_id=361"},"modified":"2025-05-22T17:53:29","modified_gmt":"2025-05-22T15:53:29","slug":"remonty-mieszakn","status":"publish","type":"page","link":"https:\/\/levelup-home.pl\/index.php\/remonty-mieszakn\/","title":{"rendered":"Remonty mieszak\u0144"},"content":{"rendered":"\n<h3 class=\"wp-block-heading\">Remonty mieszka\u0144 \u2013 kompleksowo, solidnie, na czas<\/h3>\n\n\n\n<p>Remont mieszkania to co\u015b wi\u0119cej ni\u017c tylko zmiana wygl\u0105du \u2013 to inwestycja w komfort, funkcjonalno\u015b\u0107 i warto\u015b\u0107 Twojej nieruchomo\u015bci. W LevelUpHome oferujemy kompleksowe remonty mieszka\u0144 dostosowane do indywidualnych potrzeb naszych klient\u00f3w.<\/p>\n\n\n\n<p>Realizujemy zar\u00f3wno drobne prace modernizacyjne, jak i generalne remonty z wymian\u0105 instalacji, przestawianiem \u015bcian i wyko\u0144czeniem wn\u0119trz \u201epod klucz\u201d.<\/p>\n\n\n\n<h4 class=\"wp-block-heading\">Zakres prac, kt\u00f3re wykonujemy:<\/h4>\n\n\n\n<p>\u2022 Demonta\u017ce i przygotowanie pomieszcze\u0144 do remontu<br>\u2022 Prace murarsko-tynkarskie i zabudowy z p\u0142yt g-k<br>\u2022 Malowanie, szpachlowanie, tapetowanie<br>\u2022 Uk\u0142adanie p\u0142ytek, paneli, parkiet\u00f3w i pod\u0142\u00f3g winylowych<br>\u2022 Monta\u017c drzwi, o\u015bcie\u017cnic i listew przypod\u0142ogowych<br>\u2022 Przer\u00f3bki instalacji elektrycznych i hydraulicznych<br>\u2022 Wymiana grzejnik\u00f3w, monta\u017c termostat\u00f3w i zawor\u00f3w<br>\u2022 Monta\u017c armatury, mebli, o\u015bwietlenia i dodatk\u00f3w<br>\u2022 Wyko\u0144czenia \u0142azienek i kuchni<br>\u2022 Koordynacja dostaw materia\u0142\u00f3w i utylizacja odpad\u00f3w<\/p>\n\n\n\n<p>Ka\u017cdy projekt traktujemy indywidualnie \u2013 pomagamy w wyborze rozwi\u0105za\u0144, doradzamy w kwestiach technicznych i estetycznych, a tak\u017ce zapewniamy sprawn\u0105 realizacj\u0119 zgodnie z ustalonym harmonogramem.<\/p>\n\n\n\n<p>Wsp\u00f3\u0142pracujemy z zaufanymi dostawcami materia\u0142\u00f3w i mo\u017cemy zapewni\u0107 ich dow\u00f3z w atrakcyjnych cenach.<\/p>\n\n\n\n<hr class=\"wp-block-separator has-alpha-channel-opacity\"\/>\n\n\n\n<p><strong>Dlaczego warto z nami?<\/strong><br>Bo robimy to dobrze, terminowo i uczciwie. Zadzwo\u0144, napisz \u2013 przygotujemy wycen\u0119 i ustalimy szczeg\u00f3\u0142y.<\/p>\n\n\n\n<div class=\"wp-block-group alignfull\" style=\"padding-top:var(--wp--preset--spacing--40);padding-right:var(--wp--preset--spacing--30);padding-bottom:var(--wp--preset--spacing--40);padding-left:var(--wp--preset--spacing--30)\"><div class=\"wp-block-group__inner-container is-layout-constrained wp-container-core-group-is-layout-a93d0d1d wp-block-group-is-layout-constrained\">\n<div class=\"wp-block-group alignwide is-vertical is-content-justification-center is-layout-flex wp-container-core-group-is-layout-9a7cdcfd wp-block-group-is-layout-flex\"><div class=\"is-default-size wp-block-site-logo\"><a href=\"https:\/\/levelup-home.pl\/\" class=\"custom-logo-link\" rel=\"home\"><img fetchpriority=\"high\" decoding=\"async\" width=\"285\" height=\"187\" src=\"https:\/\/levelup-home.pl\/wp-content\/uploads\/2025\/05\/cropped-Zrzut-ekranu-2025-05-18-145156-1.jpg\" class=\"custom-logo\" alt=\"LevelUpHome\" \/><\/a><\/div>\n\n<h1 class=\"has-link-color wp-elements-9728cce79011b64628d7f6beff066787 wp-block-site-title has-text-color has-contrast-color has-large-font-size\"><a href=\"https:\/\/levelup-home.pl\" target=\"_self\" rel=\"home\">LevelUpHome<\/a><\/h1>\n\n<nav class=\"is-responsive items-justified-center wp-block-navigation is-content-justification-center is-layout-flex wp-container-core-navigation-is-layout-b636cbb1 wp-block-navigation-is-layout-flex\" aria-label=\"Nawigacja\" \n\t\t data-wp-interactive=\"core\/navigation\" data-wp-context='{\"overlayOpenedBy\":{\"click\":false,\"hover\":false,\"focus\":false},\"type\":\"overlay\",\"roleAttribute\":\"\",\"ariaLabel\":\"Menu\"}'><button aria-haspopup=\"dialog\" aria-label=\"Rozwi\u0144 menu\" class=\"wp-block-navigation__responsive-container-open\" \n\t\t\t\tdata-wp-on--click=\"actions.openMenuOnClick\"\n\t\t\t\tdata-wp-on--keydown=\"actions.handleMenuKeydown\"\n\t\t\t><svg width=\"24\" height=\"24\" xmlns=\"http:\/\/www.w3.org\/2000\/svg\" viewBox=\"0 0 24 24\" aria-hidden=\"true\" focusable=\"false\"><path d=\"M4 7.5h16v1.5H4z\"><\/path><path d=\"M4 15h16v1.5H4z\"><\/path><\/svg><\/button>\n\t\t\t\t<div class=\"wp-block-navigation__responsive-container\"  id=\"modal-1\" \n\t\t\t\tdata-wp-class--has-modal-open=\"state.isMenuOpen\"\n\t\t\t\tdata-wp-class--is-menu-open=\"state.isMenuOpen\"\n\t\t\t\tdata-wp-watch=\"callbacks.initMenu\"\n\t\t\t\tdata-wp-on--keydown=\"actions.handleMenuKeydown\"\n\t\t\t\tdata-wp-on--focusout=\"actions.handleMenuFocusout\"\n\t\t\t\ttabindex=\"-1\"\n\t\t\t>\n\t\t\t\t\t<div class=\"wp-block-navigation__responsive-close\" tabindex=\"-1\">\n\t\t\t\t\t\t<div class=\"wp-block-navigation__responsive-dialog\" \n\t\t\t\tdata-wp-bind--aria-modal=\"state.ariaModal\"\n\t\t\t\tdata-wp-bind--aria-label=\"state.ariaLabel\"\n\t\t\t\tdata-wp-bind--role=\"state.roleAttribute\"\n\t\t\t>\n\t\t\t\t\t\t\t<button aria-label=\"Zamknij menu\" class=\"wp-block-navigation__responsive-container-close\" \n\t\t\t\tdata-wp-on--click=\"actions.closeMenuOnClick\"\n\t\t\t><svg xmlns=\"http:\/\/www.w3.org\/2000\/svg\" viewBox=\"0 0 24 24\" width=\"24\" height=\"24\" aria-hidden=\"true\" focusable=\"false\"><path d=\"m13.06 12 6.47-6.47-1.06-1.06L12 10.94 5.53 4.47 4.47 5.53 10.94 12l-6.47 6.47 1.06 1.06L12 13.06l6.47 6.47 1.06-1.06L13.06 12Z\"><\/path><\/svg><\/button>\n\t\t\t\t\t\t\t<div class=\"wp-block-navigation__responsive-container-content\" \n\t\t\t\tdata-wp-watch=\"callbacks.focusFirstElement\"\n\t\t\t id=\"modal-1-content\">\n\t\t\t\t\t\t\t\t<ul class=\"wp-block-navigation__container is-responsive items-justified-center wp-block-navigation\"><ul class=\"wp-block-page-list\"><li class=\"wp-block-pages-list__item wp-block-navigation-item open-on-hover-click\"><a class=\"wp-block-pages-list__item__link wp-block-navigation-item__content\" href=\"https:\/\/levelup-home.pl\/index.php\/dofinansowanie\/\">Dofinansowanie<\/a><\/li><li class=\"wp-block-pages-list__item wp-block-navigation-item open-on-hover-click\"><a class=\"wp-block-pages-list__item__link wp-block-navigation-item__content\" href=\"https:\/\/levelup-home.pl\/index.php\/domki-modulowe\/\">DOMKI MODU\u0141OWE<\/a><\/li><li class=\"wp-block-pages-list__item wp-block-navigation-item open-on-hover-click\"><a class=\"wp-block-pages-list__item__link wp-block-navigation-item__content\" href=\"https:\/\/levelup-home.pl\/index.php\/kontakt\/\">Kontakt<\/a><\/li><li class=\"wp-block-pages-list__item wp-block-navigation-item open-on-hover-click menu-item-home\"><a class=\"wp-block-pages-list__item__link wp-block-navigation-item__content\" href=\"https:\/\/levelup-home.pl\/\">Level Up Home &#8211; Tw\u00f3j poziom wy\u017cej!<\/a><\/li><li class=\"wp-block-pages-list__item wp-block-navigation-item open-on-hover-click\"><a class=\"wp-block-pages-list__item__link wp-block-navigation-item__content\" href=\"https:\/\/levelup-home.pl\/index.php\/metamorfoza-klatki-schodowej\/\">METAMORFOZA KLATKI SCHODOWEJ<\/a><\/li><li class=\"wp-block-pages-list__item wp-block-navigation-item open-on-hover-click\"><a class=\"wp-block-pages-list__item__link wp-block-navigation-item__content\" href=\"https:\/\/levelup-home.pl\/index.php\/uslugi\/\">Nasze Us\u0142ugi<\/a><\/li><li class=\"wp-block-pages-list__item wp-block-navigation-item open-on-hover-click\"><a class=\"wp-block-pages-list__item__link wp-block-navigation-item__content\" href=\"https:\/\/levelup-home.pl\/index.php\/o-nas\/\">O nas<\/a><\/li><li class=\"wp-block-pages-list__item wp-block-navigation-item open-on-hover-click\"><a class=\"wp-block-pages-list__item__link wp-block-navigation-item__content\" href=\"https:\/\/levelup-home.pl\/index.php\/realizacje\/\">Realizacje<\/a><\/li><li class=\"wp-block-pages-list__item wp-block-navigation-item open-on-hover-click\"><a class=\"wp-block-pages-list__item__link wp-block-navigation-item__content\" href=\"https:\/\/levelup-home.pl\/index.php\/remont-lazienki\/\">REMONT \u0141AZIENKI<\/a><\/li><li class=\"wp-block-pages-list__item wp-block-navigation-item open-on-hover-click\"><a class=\"wp-block-pages-list__item__link wp-block-navigation-item__content\" href=\"https:\/\/levelup-home.pl\/index.php\/remont-w-przedwojennej-kamienicy\/\">REMONT W PRZEDWOJENNEJ KAMIENICY<\/a><\/li><li class=\"wp-block-pages-list__item wp-block-navigation-item open-on-hover-click\"><a class=\"wp-block-pages-list__item__link wp-block-navigation-item__content\" href=\"https:\/\/levelup-home.pl\/index.php\/remonty-mieszakn\/\">Remonty mieszak\u0144<\/a><\/li><li class=\"wp-block-pages-list__item wp-block-navigation-item open-on-hover-click\"><a class=\"wp-block-pages-list__item__link wp-block-navigation-item__content\" href=\"https:\/\/levelup-home.pl\/index.php\/renowacje-biur\/\">Renowacje biur<\/a><\/li><li class=\"wp-block-pages-list__item wp-block-navigation-item open-on-hover-click\"><a class=\"wp-block-pages-list__item__link wp-block-navigation-item__content\" href=\"https:\/\/levelup-home.pl\/index.php\/xdsdsvdsvdsv\/\">Wsparcie PFRON na \u0142azienk\u0119 \u2013 sprawd\u017a, czy si\u0119 kwalifikujesz!<\/a><\/li><li class=\"wp-block-pages-list__item wp-block-navigation-item open-on-hover-click\"><a class=\"wp-block-pages-list__item__link wp-block-navigation-item__content\" href=\"https:\/\/levelup-home.pl\/index.php\/wspolpraca-b2b\/\">Wsp\u00f3\u0142praca B2B<\/a><\/li><\/ul><\/ul>\n\t\t\t\t\t\t\t<\/div>\n\t\t\t\t\t\t<\/div>\n\t\t\t\t\t<\/div>\n\t\t\t\t<\/div><\/nav><\/div>\n<\/div><\/div>\n","protected":false},"excerpt":{"rendered":"<p>Remonty mieszka\u0144 \u2013 kompleksowo, solidnie, na czas Remont mieszkania to co\u015b wi\u0119cej ni\u017c tylko zmiana wygl\u0105du \u2013 to inwestycja w komfort, funkcjonalno\u015b\u0107 i warto\u015b\u0107 Twojej nieruchomo\u015bci. W LevelUpHome oferujemy kompleksowe remonty mieszka\u0144 dostosowane do indywidualnych potrzeb naszych klient\u00f3w. Realizujemy zar\u00f3wno drobne prace modernizacyjne, jak i generalne remonty z wymian\u0105 instalacji, przestawianiem \u015bcian i wyko\u0144czeniem wn\u0119trz<\/p>\n<div class=\"more-link\">\n             <a href=\"https:\/\/levelup-home.pl\/index.php\/remonty-mieszakn\/\" class=\"theme-btn\"><span>Czytaj dalej <\/span><i class=\"bi bi-arrow-right\"><\/i><\/a>\n        <\/div>\n","protected":false},"author":1,"featured_media":0,"parent":0,"menu_order":0,"comment_status":"closed","ping_status":"closed","template":"","meta":{"footnotes":""},"class_list":["post-361","page","type-page","status-publish","hentry"],"_links":{"self":[{"href":"https:\/\/levelup-home.pl\/index.php\/wp-json\/wp\/v2\/pages\/361","targetHints":{"allow":["GET"]}}],"collection":[{"href":"https:\/\/levelup-home.pl\/index.php\/wp-json\/wp\/v2\/pages"}],"about":[{"href":"https:\/\/levelup-home.pl\/index.php\/wp-json\/wp\/v2\/types\/page"}],"author":[{"embeddable":true,"href":"https:\/\/levelup-home.pl\/index.php\/wp-json\/wp\/v2\/users\/1"}],"replies":[{"embeddable":true,"href":"https:\/\/levelup-home.pl\/index.php\/wp-json\/wp\/v2\/comments?post=361"}],"version-history":[{"count":1,"href":"https:\/\/levelup-home.pl\/index.php\/wp-json\/wp\/v2\/pages\/361\/revisions"}],"predecessor-version":[{"id":362,"href":"https:\/\/levelup-home.pl\/index.php\/wp-json\/wp\/v2\/pages\/361\/revisions\/362"}],"wp:attachment":[{"href":"https:\/\/levelup-home.pl\/index.php\/wp-json\/wp\/v2\/media?parent=361"}],"curies":[{"name":"wp","href":"https:\/\/api.w.org\/{rel}","templated":true}]}}